{"id":79,"date":"2024-07-08T07:22:26","date_gmt":"2024-07-08T06:22:26","guid":{"rendered":"https:\/\/projectbook.hu\/?page_id=79"},"modified":"2025-04-03T14:46:19","modified_gmt":"2025-04-03T13:46:19","slug":"letoltes","status":"publish","type":"page","link":"https:\/\/projectbook.hu\/index.php\/letoltes\/","title":{"rendered":"Let\u00f6lt\u00e9s"},"content":{"rendered":"\n<h1 class=\"wp-block-heading has-text-align-center\">30 napos ingyenes haszn\u00e1lat<\/h1>\n\n\n\n<div class=\"wp-block-buttons is-content-justification-center is-layout-flex wp-container-core-buttons-is-layout-a89b3969 wp-block-buttons-is-layout-flex\">\n<div class=\"wp-block-button\"><a class=\"wp-block-button__link wp-element-button\" href=\"https:\/\/projectbook.hu\/wp-content\/downloads\/setup\/PROJECTBOOK\/setup.exe\">Telep\u00edt\u00e9s<\/a><\/div>\n<\/div>\n\n\n\n<figure class=\"wp-block-image size-large\"><img decoding=\"async\" src=\"https:\/\/projectbook.hu\/wp-content\/uploads\/mainform.png\" alt=\"\"\/><\/figure>\n\n\n\n<div class=\"wp-block-columns alignwide is-layout-flex wp-container-core-columns-is-layout-28f84493 wp-block-columns-is-layout-flex\">\n<div class=\"wp-block-column is-vertically-aligned-center is-layout-flow wp-block-column-is-layout-flow\"><\/div>\n\n\n\n<div class=\"wp-block-column is-layout-flow wp-block-column-is-layout-flow\">\n<figure class=\"wp-block-embed is-type-video is-provider-youtube wp-block-embed-youtube wp-embed-aspect-16-9 wp-has-aspect-ratio\"><div class=\"wp-block-embed__wrapper\">\n<iframe loading=\"lazy\" title=\"Telep\u00edt\u00e9si \u00fatmutat\u00f3\" width=\"500\" height=\"281\" src=\"https:\/\/www.youtube.com\/embed\/U_T5u-u_fAc?feature=oembed\" frameborder=\"0\" allow=\"accelerometer; autoplay; clipboard-write; encrypted-media; gyroscope; picture-in-picture; web-share\" referrerpolicy=\"strict-origin-when-cross-origin\" allowfullscreen><\/iframe>\n<\/div><\/figure>\n<\/div>\n\n\n\n<div class=\"wp-block-column is-layout-flow wp-block-column-is-layout-flow\"><\/div>\n<\/div>\n\n\n\n<p><\/p>\n","protected":false},"excerpt":{"rendered":"<p>30 napos ingyenes haszn\u00e1lat<\/p>\n","protected":false},"author":1,"featured_media":0,"parent":0,"menu_order":0,"comment_status":"closed","ping_status":"closed","template":"","meta":{"footnotes":""},"class_list":["post-79","page","type-page","status-publish","hentry"],"_links":{"self":[{"href":"https:\/\/projectbook.hu\/index.php\/wp-json\/wp\/v2\/pages\/79","targetHints":{"allow":["GET"]}}],"collection":[{"href":"https:\/\/projectbook.hu\/index.php\/wp-json\/wp\/v2\/pages"}],"about":[{"href":"https:\/\/projectbook.hu\/index.php\/wp-json\/wp\/v2\/types\/page"}],"author":[{"embeddable":true,"href":"https:\/\/projectbook.hu\/index.php\/wp-json\/wp\/v2\/users\/1"}],"replies":[{"embeddable":true,"href":"https:\/\/projectbook.hu\/index.php\/wp-json\/wp\/v2\/comments?post=79"}],"version-history":[{"count":9,"href":"https:\/\/projectbook.hu\/index.php\/wp-json\/wp\/v2\/pages\/79\/revisions"}],"predecessor-version":[{"id":114,"href":"https:\/\/projectbook.hu\/index.php\/wp-json\/wp\/v2\/pages\/79\/revisions\/114"}],"wp:attachment":[{"href":"https:\/\/projectbook.hu\/index.php\/wp-json\/wp\/v2\/media?parent=79"}],"curies":[{"name":"wp","href":"https:\/\/api.w.org\/{rel}","templated":true}]}}